{"id":1074,"date":"2025-07-29T10:52:47","date_gmt":"2025-07-29T08:52:47","guid":{"rendered":"https:\/\/artisansdufilm.com\/site\/?page_id=1074"},"modified":"2025-09-15T17:13:21","modified_gmt":"2025-09-15T15:13:21","slug":"a-propos","status":"publish","type":"page","link":"https:\/\/artisansdufilm.com\/site\/a-propos\/","title":{"rendered":"\u00c0 propos"},"content":{"rendered":"\n<h2 class=\"wp-block-heading\">\u00c0 propos<\/h2>\n\n\n\n<div style=\"height:20px\" aria-hidden=\"true\" class=\"wp-block-spacer\"><\/div>\n\n\n\n<figure class=\"wp-block-image size-full\"><img loading=\"lazy\" decoding=\"async\" width=\"2560\" height=\"1051\" src=\"https:\/\/artisansdufilm.com\/site\/wp-content\/uploads\/2025\/09\/vire_banner-scaled.webp\" alt=\"\" class=\"wp-image-1317\" srcset=\"https:\/\/artisansdufilm.com\/site\/wp-content\/uploads\/2025\/09\/vire_banner-scaled.webp 2560w, https:\/\/artisansdufilm.com\/site\/wp-content\/uploads\/2025\/09\/vire_banner-300x123.webp 300w, https:\/\/artisansdufilm.com\/site\/wp-content\/uploads\/2025\/09\/vire_banner-1024x420.webp 1024w, https:\/\/artisansdufilm.com\/site\/wp-content\/uploads\/2025\/09\/vire_banner-768x315.webp 768w, https:\/\/artisansdufilm.com\/site\/wp-content\/uploads\/2025\/09\/vire_banner-1536x630.webp 1536w, https:\/\/artisansdufilm.com\/site\/wp-content\/uploads\/2025\/09\/vire_banner-2048x841.webp 2048w, https:\/\/artisansdufilm.com\/site\/wp-content\/uploads\/2025\/09\/vire_banner-640x263.webp 640w, https:\/\/artisansdufilm.com\/site\/wp-content\/uploads\/2025\/09\/vire_banner-960x394.webp 960w, https:\/\/artisansdufilm.com\/site\/wp-content\/uploads\/2025\/09\/vire_banner-1280x525.webp 1280w, https:\/\/artisansdufilm.com\/site\/wp-content\/uploads\/2025\/09\/vire_banner-1680x690.webp 1680w\" sizes=\"auto, (max-width: 2560px) 100vw, 2560px\" \/><\/figure>\n\n\n\n<h2 class=\"wp-block-heading has-medium-font-size\">Artisans du Film d\u00e9veloppe et produit des \u0153uvres pour le cin\u00e9ma, l\u2019audiovisuel et divers m\u00e9dias. Fiction ou documentaire, formats courts, longs, unitaires ou s\u00e9ries : notre \u00e9nergie et notre libert\u00e9 naissent de cette diversit\u00e9. <\/h2>\n\n\n\n<h2 class=\"wp-block-heading has-medium-font-size\">Nous d\u00e9fendons une v\u00e9ritable politique d\u2019auteur.rice. Toujours \u00e0 l\u2019\u00e9coute de regards singuliers, tant dans la forme que dans le propos, nous collaborons avec des r\u00e9alisateur.rices \u00e9mergent.es comme confirm\u00e9.es. \u00c0 leurs c\u00f4t\u00e9s, nous nous engageons sur le long terme, leur offrant un espace propice \u00e0 l\u2019affirmation de leur d\u00e9marche artistique. Du sc\u00e9nario au montage, chaque \u00e9tape est port\u00e9e collectivement, avec exigence, patience et minutie \u2014 en Artisans du Film.<br><br>En 2025, la soci\u00e9t\u00e9 se donne un nouveau souffle avec l\u2019arriv\u00e9e de Salom\u00e9 Karsenty et Fran\u00e7ois-Olivier Lespagnol dans l\u2019\u00e9quipe de production.<\/h2>\n","protected":false},"excerpt":{"rendered":"<p>\u00c0 propos Artisans du Film d\u00e9veloppe et produit des \u0153uvres pour le cin\u00e9ma, l\u2019audiovisuel et divers m\u00e9dias. Fiction ou documentaire, formats courts, longs, unitaires ou s\u00e9ries : notre \u00e9nergie et notre libert\u00e9 naissent de cette diversit\u00e9. Nous d\u00e9fendons une v\u00e9ritable politique d\u2019auteur.rice. Toujours \u00e0 l\u2019\u00e9coute de regards singuliers, tant dans la forme que dans le [&hellip;]<\/p>\n","protected":false},"author":1,"featured_media":0,"parent":0,"menu_order":0,"comment_status":"closed","ping_status":"closed","template":"","meta":{"inline_featured_image":false,"footnotes":""},"class_list":["post-1074","page","type-page","status-publish","hentry","isotope-item"],"_links":{"self":[{"href":"https:\/\/artisansdufilm.com\/site\/wp-json\/wp\/v2\/pages\/1074","targetHints":{"allow":["GET"]}}],"collection":[{"href":"https:\/\/artisansdufilm.com\/site\/wp-json\/wp\/v2\/pages"}],"about":[{"href":"https:\/\/artisansdufilm.com\/site\/wp-json\/wp\/v2\/types\/page"}],"author":[{"embeddable":true,"href":"https:\/\/artisansdufilm.com\/site\/wp-json\/wp\/v2\/users\/1"}],"replies":[{"embeddable":true,"href":"https:\/\/artisansdufilm.com\/site\/wp-json\/wp\/v2\/comments?post=1074"}],"version-history":[{"count":17,"href":"https:\/\/artisansdufilm.com\/site\/wp-json\/wp\/v2\/pages\/1074\/revisions"}],"predecessor-version":[{"id":1319,"href":"https:\/\/artisansdufilm.com\/site\/wp-json\/wp\/v2\/pages\/1074\/revisions\/1319"}],"wp:attachment":[{"href":"https:\/\/artisansdufilm.com\/site\/wp-json\/wp\/v2\/media?parent=1074"}],"curies":[{"name":"wp","href":"https:\/\/api.w.org\/{rel}","templated":true}]}}