{"id":1076,"date":"2025-07-29T10:53:58","date_gmt":"2025-07-29T08:53:58","guid":{"rendered":"https:\/\/artisansdufilm.com\/site\/?page_id=1076"},"modified":"2025-09-30T08:02:56","modified_gmt":"2025-09-30T06:02:56","slug":"contact","status":"publish","type":"page","link":"https:\/\/artisansdufilm.com\/site\/contact\/","title":{"rendered":"Contact"},"content":{"rendered":"\n<div id=\"page-title\" style=\"margin-top: -15px;\">\n\t\t\t<div class=\"column-section spaced-big clearfix\" style=\"color: #000; line-height: 1.5rem\">\n            <div class=\"column one-three\" style=\"margin-right: 75px;\">\n                <div class=\"widget\" style=\"margin-right: 75px;\">    \n                    <h3 style=\"color: #000;\"> <small style=\"color: #000; font-weight: 400; letter-spacing: 1px;\"><a href=\"tel:+33961691773\" style=\"color: #000;\">ARTISANS DU FILM<\/a><\/small><\/h3>\n                    <ul class=\"menu\" style=\"color: #000;\">\n                        <a href=\"tel:+33961691773\" style=\"color: #000;\">13 rue Georges Auric<\/a><\/br>\n                        <a href=\"tel:+33961691773\" style=\"color: #000;\">75019 Paris<\/a><\/br>\n                        <a href=\"tel:+33961691773\" style=\"color: #000;\">+33 9 61 69 17 73<\/a>\n                    <\/ul>\n      \n                <\/br>\n            \n           \n          \n                    <h3 style=\"color: #000;\"> <small style=\"color: #000; font-weight: 400; letter-spacing: 1px;\">COM&rsquo;<\/small><\/h3>\n                    <ul class=\"menu\" style=\"color: #000;\">\n                        <a href=\"mailto:creative@artisansdufilm.com\" style=\"color: #000;\">mariia[@]artisansdufilm.com<\/a><\/br>frederic[@]artisansdufilm.com<\/a><\/br>\n\n                    <\/ul>\n                <\/div>\n            <\/div>\n            \n            <div class=\"column one-three\" style=\"margin-right: 75px;\">\n                <div class=\"widget\" style=\"margin-right: 75px;\">    \n                    <h3 style=\"color: #000;\"> <small style=\"color: #000; font-weight: 400; letter-spacing: 1px;\">CIN\u00c9MA<\/small><\/h3>\n                    <ul class=\"menu\" style=\"color: #000;\">\n                        <a href=\"mailto:cinema@artisansdufilm.com\" style=\"color: #000;\">cinema[@]artisansdufilm.com<\/a><\/br>\n                        <a href=\"mailto:scenario@artisansdufilm.com\" style=\"color: #000;\">scenario[@]artisansdufilm.com<\/a><\/br>\n                    <\/ul>\n\n\n\n\n                    <h3 style=\"color: #000;\"> <small style=\"color: #000; font-weight: 400; letter-spacing: 1px;\">TV<\/small><\/h3>\n                    <ul class=\"menu\" style=\"color: #000; \">\n                        <a href=\"mailto:gregoire@artisansdufilm.com\" style=\"color: #000;\">gregoire[@]artisansdufilm.com<\/a><\/br>\n                        <a href=\"mailto:valery@artisansdufilm.com\" style=\"color: #000;\">valery[@]artisansdufilm<\/a><\/br>\n\n                <\/div>\n            <\/div>\n\n      \n         \n\n\n\n\n            <div class=\"column one-three\" style=\"margin-right: 50px;\">\n                <div class=\"widget\" style=\"margin-right: 50px;\">    \n                    <h3 style=\"color: #000;\"> <small style=\"color: #000; font-weight: 400; letter-spacing: 1px;\"><a href=\"mailto:niels@artisansdufilm.com\" style=\"color: #000;\">R\u00c9ALISATEURS ASSOCI\u00c9S<\/a><\/small><\/h3>\n                    <ul class=\"menu\" style=\"color: #000;\">\n                        <a href=\"mailto:niels@artisansdufilm.com\" style=\"color: #000;\">Niels Benoist<\/a><\/br>\n\n                    <\/ul>\n                    <ul class=\"menu\" style=\"color: #000;\">\n                        <a href=\"mailto:pierre@artisansdufilm.com\" style=\"color: #000;\">Pierre Bernier<\/a><\/br>\n                    <\/ul>\n                    <ul class=\"menu\" style=\"color: #000;\">\n                        <a href=\"mailto:pascaline@artisansdufilm.com\" style=\"color: #000;\">Pascaline Blanchecotte<\/a><\/br>\n                    <\/ul>\n                    <ul class=\"menu\" style=\"color: #000;\">\n                        <a href=\"mailto:herve@artisansdufilm.com\" style=\"color: #000;\">Herv\u00e9 Lasgouttes<\/a><\/br>\n                    <\/ul>\n                    <ul class=\"menu\" style=\"color: #000;\">\n                        <a href=\"mailto:frederic@artisansdufilm.com\" style=\"color: #000;\">Fr\u00e9d\u00e9ric Ouziel<\/a><\/br>\n                    <\/ul>\n                    <ul class=\"menu\" style=\"color: #000;\">\n                        <a href=\"mailto:fabrice@artisansdufilm.com\" style=\"color: #000;\">Fabrice du Peloux<\/a><\/br>\n                    <\/ul>\n                    <ul class=\"menu\" style=\"color: #000;\">\n                        <a href=\"mailto:guillaume@artisansdufilm.com\" style=\"color: #000;\">Guillaume Talvas<\/a><\/br>\n                    <\/ul>\n                <\/div>\n            <\/div>\n\n\n\n\n\n\n\n\n\t\t<\/div>\n","protected":false},"excerpt":{"rendered":"<p>ARTISANS DU FILM 13 rue Georges Auric 75019 Paris +33 9 61 69 17 73 COM&rsquo; mariia[@]artisansdufilm.comfrederic[@]artisansdufilm.com CIN\u00c9MA cinema[@]artisansdufilm.com scenario[@]artisansdufilm.com TV gregoire[@]artisansdufilm.com valery[@]artisansdufilm R\u00c9ALISATEURS ASSOCI\u00c9S Niels Benoist Pierre Bernier Pascaline Blanchecotte Herv\u00e9 Lasgouttes Fr\u00e9d\u00e9ric Ouziel Fabrice du Peloux Guillaume Talvas<\/p>\n","protected":false},"author":1,"featured_media":0,"parent":0,"menu_order":0,"comment_status":"closed","ping_status":"closed","template":"","meta":{"inline_featured_image":false,"footnotes":""},"class_list":["post-1076","page","type-page","status-publish","hentry","isotope-item"],"_links":{"self":[{"href":"https:\/\/artisansdufilm.com\/site\/wp-json\/wp\/v2\/pages\/1076","targetHints":{"allow":["GET"]}}],"collection":[{"href":"https:\/\/artisansdufilm.com\/site\/wp-json\/wp\/v2\/pages"}],"about":[{"href":"https:\/\/artisansdufilm.com\/site\/wp-json\/wp\/v2\/types\/page"}],"author":[{"embeddable":true,"href":"https:\/\/artisansdufilm.com\/site\/wp-json\/wp\/v2\/users\/1"}],"replies":[{"embeddable":true,"href":"https:\/\/artisansdufilm.com\/site\/wp-json\/wp\/v2\/comments?post=1076"}],"version-history":[{"count":5,"href":"https:\/\/artisansdufilm.com\/site\/wp-json\/wp\/v2\/pages\/1076\/revisions"}],"predecessor-version":[{"id":1531,"href":"https:\/\/artisansdufilm.com\/site\/wp-json\/wp\/v2\/pages\/1076\/revisions\/1531"}],"wp:attachment":[{"href":"https:\/\/artisansdufilm.com\/site\/wp-json\/wp\/v2\/media?parent=1076"}],"curies":[{"name":"wp","href":"https:\/\/api.w.org\/{rel}","templated":true}]}}